{"id":33,"date":"2020-01-06T18:35:52","date_gmt":"2020-01-06T17:35:52","guid":{"rendered":"http:\/\/juliemielcarek.com\/?page_id=33"},"modified":"2020-02-11T16:37:19","modified_gmt":"2020-02-11T15:37:19","slug":"demos-en-anglais","status":"publish","type":"page","link":"https:\/\/juliemielcarek.com\/index.php\/julie-mielcarek-2\/demos-en-anglais\/","title":{"rendered":"D\u00e9mos voix-off en anglais"},"content":{"rendered":"\n<p>Voici quelques pistes en anglais. Je parle anglais avec un accent am\u00e9ricain mais je peux tout \u00e0 fait parler anglais avec un accent fran\u00e7ais si n\u00e9cessaire. <\/p>\n\n\n\n<iframe loading=\"lazy\" width=\"100%\" height=\"166\" scrolling=\"no\" frameborder=\"no\" allow=\"autoplay\" src=\"https:\/\/w.soundcloud.com\/player\/?url=https%3A\/\/api.soundcloud.com\/tracks\/715341250&amp;color=%23e5138f&amp;auto_play=false&amp;hide_related=false&amp;show_comments=true&amp;show_user=true&amp;show_reposts=false&amp;show_teaser=true\"><\/iframe>\n\n\n\n<h2 class=\"wp-block-heading\">Publicit\u00e9 <\/h2>\n\n\n\n<iframe loading=\"lazy\" width=\"100%\" height=\"166\" scrolling=\"no\" frameborder=\"no\" allow=\"autoplay\" src=\"https:\/\/w.soundcloud.com\/player\/?url=https%3A\/\/api.soundcloud.com\/tracks\/406177092&amp;color=%23e5138f&amp;auto_play=false&amp;hide_related=false&amp;show_comments=true&amp;show_user=true&amp;show_reposts=false&amp;show_teaser=true\"><\/iframe>\n\n\n\n<h2 class=\"wp-block-heading\">Voix e-learning US<\/h2>\n\n\n\n<iframe loading=\"lazy\" width=\"100%\" height=\"166\" scrolling=\"no\" frameborder=\"no\" allow=\"autoplay\" src=\"https:\/\/w.soundcloud.com\/player\/?url=https%3A\/\/api.soundcloud.com\/tracks\/495548139&amp;color=%23e5138f&amp;auto_play=false&amp;hide_related=false&amp;show_comments=true&amp;show_user=true&amp;show_reposts=false&amp;show_teaser=true\"><\/iframe>\n\n\n\n<h2 class=\"wp-block-heading\">Services t\u00e9l\u00e9phoniques (IVR\/SVI) US\/ EN<\/h2>\n\n\n\n<iframe loading=\"lazy\" width=\"100%\" height=\"166\" scrolling=\"no\" frameborder=\"no\" allow=\"autoplay\" src=\"https:\/\/w.soundcloud.com\/player\/?url=https%3A\/\/api.soundcloud.com\/tracks\/418246616&amp;color=%23e5138f&amp;auto_play=false&amp;hide_related=false&amp;show_comments=true&amp;show_user=true&amp;show_reposts=false&amp;show_teaser=true\"><\/iframe>\n\n\n\n<h2 class=\"wp-block-heading\">Voix sp\u00e9ciales<\/h2>\n\n\n\n<iframe loading=\"lazy\" width=\"100%\" height=\"166\" scrolling=\"no\" frameborder=\"no\" allow=\"autoplay\" src=\"https:\/\/w.soundcloud.com\/player\/?url=https%3A\/\/api.soundcloud.com\/tracks\/697088547&amp;color=%23e5138f&amp;auto_play=false&amp;hide_related=false&amp;show_comments=true&amp;show_user=true&amp;show_reposts=false&amp;show_teaser=true\"><\/iframe>\n\n\n\n<iframe loading=\"lazy\" width=\"100%\" height=\"166\" scrolling=\"no\" frameborder=\"no\" allow=\"autoplay\" src=\"https:\/\/w.soundcloud.com\/player\/?url=https%3A\/\/api.soundcloud.com\/tracks\/695233318&amp;color=%23e5138f&amp;auto_play=false&amp;hide_related=false&amp;show_comments=true&amp;show_user=true&amp;show_reposts=false&amp;show_teaser=true\"><\/iframe>\n\n\n\n<iframe loading=\"lazy\" width=\"100%\" height=\"166\" scrolling=\"no\" frameborder=\"no\" allow=\"autoplay\" src=\"https:\/\/w.soundcloud.com\/player\/?url=https%3A\/\/api.soundcloud.com\/tracks\/695229319&amp;color=%23e5138f&amp;auto_play=false&amp;hide_related=false&amp;show_comments=true&amp;show_user=true&amp;show_reposts=false&amp;show_teaser=true\"><\/iframe>\n\n\n\n<p>Vous pouvez \u00e9galement consulter l&rsquo;int\u00e9gralit\u00e9 de mon portfolio, directement sur <strong><a rel=\"noreferrer noopener\" href=\"https:\/\/soundcloud.com\/julie-voice_over\" target=\"_blank\">Soundcloud<\/a><\/strong> (jetez un coup d\u2019\u0153il aux playlists pour trouver ce qui vous int\u00e9resse plus facilement), ou m&rsquo;envoyer un message via la <strong><a href=\"http:\/\/juliemielcarek.com\/index.php\/julie-vo\/contact\/\">page de contact<\/a><\/strong>. \ud83d\ude42 <\/p>\n","protected":false},"excerpt":{"rendered":"<p>Voici quelques pistes en anglais. Je parle anglais avec un accent am\u00e9ricain mais je peux tout \u00e0 fait parler anglais avec un accent fran\u00e7ais si n\u00e9cessaire. Publicit\u00e9 Voix e-learning US Services t\u00e9l\u00e9phoniques (IVR\/SVI) US\/ EN Voix sp\u00e9ciales Vous pouvez \u00e9galement consulter l&rsquo;int\u00e9gralit\u00e9 de mon portfolio, directement sur Soundcloud (jetez un coup d\u2019\u0153il aux playlists pour&hellip; <a class=\"more-link\" href=\"https:\/\/juliemielcarek.com\/index.php\/julie-mielcarek-2\/demos-en-anglais\/\">Poursuivre la lecture <span class=\"screen-reader-text\">D\u00e9mos voix-off en anglais<\/span><\/a><\/p>\n","protected":false},"author":1,"featured_media":0,"parent":2,"menu_order":0,"comment_status":"closed","ping_status":"closed","template":"","meta":{"footnotes":""},"class_list":["post-33","page","type-page","status-publish","hentry","entry"],"yoast_head":"<!-- This site is optimized with the Yoast SEO plugin v15.7 - https:\/\/yoast.com\/wordpress\/plugins\/seo\/ -->\n<title>D\u00e9mos voix-off en anglais - Julie - VO voix-off femme anglais am\u00e9ricain US<\/title>\n<meta name=\"description\" content=\"D\u00e9couvrez mes extraits voix-off en anglais am\u00e9ricain ou avec un accent fran\u00e7ais. Voix de femme, jeune et enjou\u00e9e bilingue fran\u00e7ais\/anglais US.\" \/>\n<meta name=\"robots\" content=\"index, follow, max-snippet:-1, max-image-preview:large, max-video-preview:-1\" \/>\n<link rel=\"canonical\" href=\"https:\/\/juliemielcarek.com\/index.php\/julie-mielcarek-2\/demos-en-anglais\/\" \/>\n<meta property=\"og:locale\" content=\"fr_FR\" \/>\n<meta property=\"og:type\" content=\"article\" \/>\n<meta property=\"og:title\" content=\"D\u00e9mos voix-off en anglais - Julie - VO voix-off femme anglais am\u00e9ricain US\" \/>\n<meta property=\"og:description\" content=\"D\u00e9couvrez mes extraits voix-off en anglais am\u00e9ricain ou avec un accent fran\u00e7ais. Voix de femme, jeune et enjou\u00e9e bilingue fran\u00e7ais\/anglais US.\" \/>\n<meta property=\"og:url\" content=\"https:\/\/juliemielcarek.com\/index.php\/julie-mielcarek-2\/demos-en-anglais\/\" \/>\n<meta property=\"og:site_name\" content=\"Julie - VO\" \/>\n<meta property=\"article:modified_time\" content=\"2020-02-11T15:37:19+00:00\" \/>\n<meta name=\"twitter:card\" content=\"summary_large_image\" \/>\n<script type=\"application\/ld+json\" class=\"yoast-schema-graph\">{\"@context\":\"https:\/\/schema.org\",\"@graph\":[{\"@type\":[\"Person\",\"Organization\"],\"@id\":\"https:\/\/juliemielcarek.com\/#\/schema\/person\/cc39c8261e0e59b9767e88d58a4d69a7\",\"name\":\"admin1131\",\"image\":{\"@type\":\"ImageObject\",\"@id\":\"https:\/\/juliemielcarek.com\/#personlogo\",\"inLanguage\":\"fr-FR\",\"url\":\"https:\/\/juliemielcarek.com\/wp-content\/uploads\/2020\/02\/Sans-titre-1.png\",\"width\":378,\"height\":251,\"caption\":\"admin1131\"},\"logo\":{\"@id\":\"https:\/\/juliemielcarek.com\/#personlogo\"}},{\"@type\":\"WebSite\",\"@id\":\"https:\/\/juliemielcarek.com\/#website\",\"url\":\"https:\/\/juliemielcarek.com\/\",\"name\":\"Julie - VO\",\"description\":\"\",\"publisher\":{\"@id\":\"https:\/\/juliemielcarek.com\/#\/schema\/person\/cc39c8261e0e59b9767e88d58a4d69a7\"},\"potentialAction\":[{\"@type\":\"SearchAction\",\"target\":\"https:\/\/juliemielcarek.com\/?s={search_term_string}\",\"query-input\":\"required name=search_term_string\"}],\"inLanguage\":\"fr-FR\"},{\"@type\":\"WebPage\",\"@id\":\"https:\/\/juliemielcarek.com\/index.php\/julie-mielcarek-2\/demos-en-anglais\/#webpage\",\"url\":\"https:\/\/juliemielcarek.com\/index.php\/julie-mielcarek-2\/demos-en-anglais\/\",\"name\":\"D\\u00e9mos voix-off en anglais - Julie - VO voix-off femme anglais am\\u00e9ricain US\",\"isPartOf\":{\"@id\":\"https:\/\/juliemielcarek.com\/#website\"},\"datePublished\":\"2020-01-06T17:35:52+00:00\",\"dateModified\":\"2020-02-11T15:37:19+00:00\",\"description\":\"D\\u00e9couvrez mes extraits voix-off en anglais am\\u00e9ricain ou avec un accent fran\\u00e7ais. Voix de femme, jeune et enjou\\u00e9e bilingue fran\\u00e7ais\/anglais US.\",\"inLanguage\":\"fr-FR\",\"potentialAction\":[{\"@type\":\"ReadAction\",\"target\":[\"https:\/\/juliemielcarek.com\/index.php\/julie-mielcarek-2\/demos-en-anglais\/\"]}]}]}<\/script>\n<!-- \/ Yoast SEO plugin. -->","_links":{"self":[{"href":"https:\/\/juliemielcarek.com\/index.php\/wp-json\/wp\/v2\/pages\/33","targetHints":{"allow":["GET"]}}],"collection":[{"href":"https:\/\/juliemielcarek.com\/index.php\/wp-json\/wp\/v2\/pages"}],"about":[{"href":"https:\/\/juliemielcarek.com\/index.php\/wp-json\/wp\/v2\/types\/page"}],"author":[{"embeddable":true,"href":"https:\/\/juliemielcarek.com\/index.php\/wp-json\/wp\/v2\/users\/1"}],"replies":[{"embeddable":true,"href":"https:\/\/juliemielcarek.com\/index.php\/wp-json\/wp\/v2\/comments?post=33"}],"version-history":[{"count":8,"href":"https:\/\/juliemielcarek.com\/index.php\/wp-json\/wp\/v2\/pages\/33\/revisions"}],"predecessor-version":[{"id":181,"href":"https:\/\/juliemielcarek.com\/index.php\/wp-json\/wp\/v2\/pages\/33\/revisions\/181"}],"up":[{"embeddable":true,"href":"https:\/\/juliemielcarek.com\/index.php\/wp-json\/wp\/v2\/pages\/2"}],"wp:attachment":[{"href":"https:\/\/juliemielcarek.com\/index.php\/wp-json\/wp\/v2\/media?parent=33"}],"curies":[{"name":"wp","href":"https:\/\/api.w.org\/{rel}","templated":true}]}}