{"id":23,"date":"2020-01-06T18:22:17","date_gmt":"2020-01-06T17:22:17","guid":{"rendered":"http:\/\/juliemielcarek.com\/?page_id=23"},"modified":"2025-01-08T18:47:19","modified_gmt":"2025-01-08T17:47:19","slug":"demos-voix-off-femme-francais-video","status":"publish","type":"page","link":"https:\/\/juliemielcarek.com\/index.php\/julie-mielcarek-2\/demos-voix-off-femme-francais-video\/","title":{"rendered":"D\u00e9mos vid\u00e9o voix-off"},"content":{"rendered":"\n<p>Voici quelques vid\u00e9o auxquelles j&rsquo;ai pr\u00eat\u00e9 ma voix&#8230; <br><br>Qu&rsquo;ils s&rsquo;agissent d&rsquo;enregistrements r\u00e9alis\u00e9s pour un client ou de simples d\u00e9mos, toutes ces pistes ont \u00e9t\u00e9 enregistr\u00e9es et \u00e9dit\u00e9es par mes soins, depuis mon home-studio.  <\/p>\n\n\n\n<h2 class=\"wp-block-heading\"><strong>Publicit\u00e9 voix de femme<\/strong><\/h2>\n\n\n\n<figure class=\"wp-block-embed is-type-video is-provider-youtube wp-block-embed-youtube wp-embed-aspect-16-9 wp-has-aspect-ratio\"><div class=\"wp-block-embed__wrapper\">\n<iframe loading=\"lazy\" title=\"Incredible India - Luxe\" width=\"750\" height=\"422\" src=\"https:\/\/www.youtube.com\/embed\/hYyhEusXwgA?feature=oembed\" frameborder=\"0\" allow=\"accelerometer; autoplay; clipboard-write; encrypted-media; gyroscope; picture-in-picture; web-share\" referrerpolicy=\"strict-origin-when-cross-origin\" allowfullscreen><\/iframe>\n<\/div><figcaption class=\"wp-element-caption\">Publicit\u00e9 pour la promotion du tourisme en Inde (Incredible India, Minist\u00e8re du Tourisme indien)<\/figcaption><\/figure>\n\n\n\n<figure class=\"wp-block-embed is-type-video is-provider-youtube wp-block-embed-youtube wp-embed-aspect-16-9 wp-has-aspect-ratio\"><div class=\"wp-block-embed__wrapper\">\n<iframe loading=\"lazy\" title=\"Oral B Densite\u0301 20s\" width=\"750\" height=\"422\" src=\"https:\/\/www.youtube.com\/embed\/rQXu-nborGg?feature=oembed\" frameborder=\"0\" allow=\"accelerometer; autoplay; clipboard-write; encrypted-media; gyroscope; picture-in-picture; web-share\" referrerpolicy=\"strict-origin-when-cross-origin\" allowfullscreen><\/iframe>\n<\/div><\/figure>\n\n\n\n<p class=\"has-text-align-center has-extra-small-font-size\">Publicit\u00e9 Oral B<\/p>\n\n\n\n<h2 class=\"wp-block-heading\"><strong>Corporate<\/strong> <strong>\/ Institutionnel<\/strong><\/h2>\n\n\n\n<figure class=\"wp-block-embed is-type-video is-provider-youtube wp-block-embed-youtube wp-embed-aspect-16-9 wp-has-aspect-ratio\"><div class=\"wp-block-embed__wrapper\">\n<iframe loading=\"lazy\" title=\"Voix off femme pour LodginGo\" width=\"750\" height=\"422\" src=\"https:\/\/www.youtube.com\/embed\/yagFpTuORfg?feature=oembed\" frameborder=\"0\" allow=\"accelerometer; autoplay; clipboard-write; encrypted-media; gyroscope; picture-in-picture; web-share\" referrerpolicy=\"strict-origin-when-cross-origin\" allowfullscreen><\/iframe>\n<\/div><figcaption class=\"wp-element-caption\">Vid\u00e9o de pr\u00e9sentation de Lodgingo<\/figcaption><\/figure>\n\n\n\n<figure class=\"wp-block-embed is-type-video is-provider-youtube wp-block-embed-youtube wp-embed-aspect-16-9 wp-has-aspect-ratio\"><div class=\"wp-block-embed__wrapper\">\n<iframe loading=\"lazy\" title=\"Voix Off fran\u00e7aise - Fibrani - vid\u00e9o promotionnelle\" width=\"750\" height=\"422\" src=\"https:\/\/www.youtube.com\/embed\/vu_4eQy7oWw?feature=oembed\" frameborder=\"0\" allow=\"accelerometer; autoplay; clipboard-write; encrypted-media; gyroscope; picture-in-picture; web-share\" referrerpolicy=\"strict-origin-when-cross-origin\" allowfullscreen><\/iframe>\n<\/div><figcaption class=\"wp-element-caption\">Vid\u00e9o de pr\u00e9sentation d&rsquo;une box beaut\u00e9 pour une campagne de crowdfunding<\/figcaption><\/figure>\n\n\n\n<figure class=\"wp-block-embed is-type-video is-provider-youtube wp-block-embed-youtube wp-embed-aspect-16-9 wp-has-aspect-ratio\"><div class=\"wp-block-embed__wrapper\">\n<iframe loading=\"lazy\" title=\"Ocean75 Brand Video - French\" width=\"750\" height=\"422\" src=\"https:\/\/www.youtube.com\/embed\/2nRhldGO0tY?feature=oembed\" frameborder=\"0\" allow=\"accelerometer; autoplay; clipboard-write; encrypted-media; gyroscope; picture-in-picture; web-share\" referrerpolicy=\"strict-origin-when-cross-origin\" allowfullscreen><\/iframe>\n<\/div><figcaption class=\"wp-element-caption\">Vid\u00e9o de pr\u00e9sentation Ocean 75<\/figcaption><\/figure>\n\n\n\n<h2 class=\"wp-block-heading\"><strong>Contenu \u00e9ducatif<\/strong><\/h2>\n\n\n\n<figure class=\"wp-block-embed is-type-video is-provider-youtube wp-block-embed-youtube wp-embed-aspect-16-9 wp-has-aspect-ratio\"><div class=\"wp-block-embed__wrapper\">\n<iframe loading=\"lazy\" title=\"French Inverness Digital Training   Video 1\" width=\"750\" height=\"422\" src=\"https:\/\/www.youtube.com\/embed\/dahSB-exmtU?feature=oembed\" frameborder=\"0\" allow=\"accelerometer; autoplay; clipboard-write; encrypted-media; gyroscope; picture-in-picture; web-share\" referrerpolicy=\"strict-origin-when-cross-origin\" allowfullscreen><\/iframe>\n<\/div><\/figure>\n\n\n\n<figure class=\"wp-block-embed is-type-video is-provider-youtube wp-block-embed-youtube wp-embed-aspect-16-9 wp-has-aspect-ratio\"><div class=\"wp-block-embed__wrapper\">\n<iframe loading=\"lazy\" title=\"Comment installer le Gilet de Soutien du Sternum Posthorax sur un patient (version courte)\" width=\"750\" height=\"422\" src=\"https:\/\/www.youtube.com\/embed\/NV6H3YYHdz0?feature=oembed\" frameborder=\"0\" allow=\"accelerometer; autoplay; clipboard-write; encrypted-media; gyroscope; picture-in-picture; web-share\" referrerpolicy=\"strict-origin-when-cross-origin\" allowfullscreen><\/iframe>\n<\/div><\/figure>\n\n\n\n<h2 class=\"wp-block-heading\"><strong>Billboard<\/strong><\/h2>\n\n\n\n<figure class=\"wp-block-embed is-type-video is-provider-youtube wp-block-embed-youtube wp-embed-aspect-16-9 wp-has-aspect-ratio\"><div class=\"wp-block-embed__wrapper\">\n<iframe loading=\"lazy\" title=\"RGA, Rive Gauche Assurance - Billboard - French Voice Over\" width=\"750\" height=\"422\" src=\"https:\/\/www.youtube.com\/embed\/Jua033hwR1c?feature=oembed\" frameborder=\"0\" allow=\"accelerometer; autoplay; clipboard-write; encrypted-media; gyroscope; picture-in-picture; web-share\" referrerpolicy=\"strict-origin-when-cross-origin\" allowfullscreen><\/iframe>\n<\/div><figcaption class=\"wp-element-caption\">Billboard pour une assurance suisse<\/figcaption><\/figure>\n\n\n\n<h2 class=\"wp-block-heading\"><strong>En anglais<\/strong><\/h2>\n\n\n\n<figure class=\"wp-block-embed is-type-video is-provider-youtube wp-block-embed-youtube wp-embed-aspect-16-9 wp-has-aspect-ratio\"><div class=\"wp-block-embed__wrapper\">\n<iframe loading=\"lazy\" title=\"Hi! PARIS MOOC - The AI Odyssey: History, Regulations and Impact - A European Perspective\" width=\"750\" height=\"422\" src=\"https:\/\/www.youtube.com\/embed\/mD-_6QjCohI?feature=oembed\" frameborder=\"0\" allow=\"accelerometer; autoplay; clipboard-write; encrypted-media; gyroscope; picture-in-picture; web-share\" referrerpolicy=\"strict-origin-when-cross-origin\" allowfullscreen><\/iframe>\n<\/div><\/figure>\n\n\n\n<figure class=\"wp-block-embed is-type-video is-provider-youtube wp-block-embed-youtube wp-embed-aspect-16-9 wp-has-aspect-ratio\"><div class=\"wp-block-embed__wrapper\">\n<iframe loading=\"lazy\" title=\"How does a Regional Nature Park work?\" width=\"750\" height=\"422\" src=\"https:\/\/www.youtube.com\/embed\/wIyw4LuCpo4?feature=oembed\" frameborder=\"0\" allow=\"accelerometer; autoplay; clipboard-write; encrypted-media; gyroscope; picture-in-picture; web-share\" referrerpolicy=\"strict-origin-when-cross-origin\" allowfullscreen><\/iframe>\n<\/div><\/figure>\n\n\n\n<h2 class=\"wp-block-heading\"><strong>Voix sp\u00e9ciale, animations<\/strong><\/h2>\n\n\n\n<figure class=\"wp-block-embed is-type-video is-provider-youtube wp-block-embed-youtube wp-embed-aspect-16-9 wp-has-aspect-ratio\"><div class=\"wp-block-embed__wrapper\">\n<iframe loading=\"lazy\" title=\"POPPY Organise Une Soir\u00e9e G\u00c9ANTE pour DJ Suki et Les Trolls! | LES TROLLS\" width=\"750\" height=\"422\" src=\"https:\/\/www.youtube.com\/embed\/cfu9InYxtCQ?feature=oembed\" frameborder=\"0\" allow=\"accelerometer; autoplay; clipboard-write; encrypted-media; gyroscope; picture-in-picture; web-share\" referrerpolicy=\"strict-origin-when-cross-origin\" allowfullscreen><\/iframe>\n<\/div><figcaption class=\"wp-element-caption\">Animation pour Dreamworks TV France<\/figcaption><\/figure>\n\n\n\n<figure class=\"wp-block-embed is-type-video is-provider-youtube wp-block-embed-youtube wp-embed-aspect-16-9 wp-has-aspect-ratio\"><div class=\"wp-block-embed__wrapper\">\n<iframe loading=\"lazy\" title=\"\u00c9CHEC de la Formation des Finosaures | JURASSIC WORLD\" width=\"750\" height=\"422\" src=\"https:\/\/www.youtube.com\/embed\/Hl9VwzNfTik?feature=oembed\" frameborder=\"0\" allow=\"accelerometer; autoplay; clipboard-write; encrypted-media; gyroscope; picture-in-picture; web-share\" referrerpolicy=\"strict-origin-when-cross-origin\" allowfullscreen><\/iframe>\n<\/div><figcaption class=\"wp-element-caption\">Animation pour Dreamworks TV France<\/figcaption><\/figure>\n\n\n\n<h2 class=\"wp-block-heading\"><strong>Voix inspirante et pos\u00e9e<\/strong><\/h2>\n\n\n\n<figure class=\"wp-block-embed is-type-video is-provider-youtube wp-block-embed-youtube wp-embed-aspect-16-9 wp-has-aspect-ratio\"><div class=\"wp-block-embed__wrapper\">\n<iframe loading=\"lazy\" title=\"Dieu avec nous\" width=\"750\" height=\"422\" src=\"https:\/\/www.youtube.com\/embed\/4pMLV1oeSTs?feature=oembed\" frameborder=\"0\" allow=\"accelerometer; autoplay; clipboard-write; encrypted-media; gyroscope; picture-in-picture; web-share\" referrerpolicy=\"strict-origin-when-cross-origin\" allowfullscreen><\/iframe>\n<\/div><figcaption class=\"wp-element-caption\">Narration d&rsquo;un po\u00e8me pour une \u00e9glise<\/figcaption><\/figure>\n\n\n\n<p>Retrouvez d&rsquo;autres extraits dans la section <a href=\"https:\/\/juliemielcarek.com\/index.php\/julie-vo\/demos-voix-off-femme-francais-audio\/\">d\u00e9mos audio<\/a>. De plus, vous avez acc\u00e8s \u00e0 ces vid\u00e9os &#8211; et \u00e0 bien d&rsquo;autres &#8211; depuis ma <a href=\"https:\/\/www.youtube.com\/watch?v=TrbWEeQSNKY&amp;list=PLEENb9AefWYYxBESYwgh3FY0eDNjOrvk7\">cha\u00eene Youtube<\/a>. <br><br>Pour toute demande, vous pouvez m&rsquo;adresser un message directement depuis la <a href=\"https:\/\/juliemielcarek.com\/index.php\/julie-vo\/contact\/\">page de contact<\/a>. <\/p>\n","protected":false},"excerpt":{"rendered":"<p>Voici quelques vid\u00e9o auxquelles j&rsquo;ai pr\u00eat\u00e9 ma voix&#8230; Qu&rsquo;ils s&rsquo;agissent d&rsquo;enregistrements r\u00e9alis\u00e9s pour un client ou de simples d\u00e9mos, toutes ces pistes ont \u00e9t\u00e9 enregistr\u00e9es et \u00e9dit\u00e9es par mes soins, depuis mon home-studio. Publicit\u00e9 voix de femme Publicit\u00e9 Oral B Corporate \/ Institutionnel Contenu \u00e9ducatif Billboard En anglais Voix sp\u00e9ciale, animations Voix inspirante et pos\u00e9e&hellip; <a class=\"more-link\" href=\"https:\/\/juliemielcarek.com\/index.php\/julie-mielcarek-2\/demos-voix-off-femme-francais-video\/\">Poursuivre la lecture <span class=\"screen-reader-text\">D\u00e9mos vid\u00e9o voix-off<\/span><\/a><\/p>\n","protected":false},"author":1,"featured_media":0,"parent":2,"menu_order":0,"comment_status":"closed","ping_status":"closed","template":"","meta":{"footnotes":""},"class_list":["post-23","page","type-page","status-publish","hentry","entry"],"yoast_head":"<!-- This site is optimized with the Yoast SEO plugin v15.7 - https:\/\/yoast.com\/wordpress\/plugins\/seo\/ -->\n<title>D\u00e9mos vid\u00e9o voix-off - Julie - VO voix-off femme fran\u00e7ais<\/title>\n<meta name=\"description\" content=\"Retrouvez-ici mes d\u00e9mos de voix-off par cat\u00e9gories : publicit\u00e9, institutionnel, animation, narration... Voix de femme jeune et positive en fran\u00e7ais..\" \/>\n<meta name=\"robots\" content=\"index, follow, max-snippet:-1, max-image-preview:large, max-video-preview:-1\" \/>\n<link rel=\"canonical\" href=\"https:\/\/juliemielcarek.com\/index.php\/julie-mielcarek-2\/demos-voix-off-femme-francais-video\/\" \/>\n<meta property=\"og:locale\" content=\"fr_FR\" \/>\n<meta property=\"og:type\" content=\"article\" \/>\n<meta property=\"og:title\" content=\"D\u00e9mos vid\u00e9o voix-off - Julie - VO voix-off femme fran\u00e7ais\" \/>\n<meta property=\"og:description\" content=\"Retrouvez-ici mes d\u00e9mos de voix-off par cat\u00e9gories : publicit\u00e9, institutionnel, animation, narration... Voix de femme jeune et positive en fran\u00e7ais..\" \/>\n<meta property=\"og:url\" content=\"https:\/\/juliemielcarek.com\/index.php\/julie-mielcarek-2\/demos-voix-off-femme-francais-video\/\" \/>\n<meta property=\"og:site_name\" content=\"Julie - VO\" \/>\n<meta property=\"article:modified_time\" content=\"2025-01-08T17:47:19+00:00\" \/>\n<meta name=\"twitter:card\" content=\"summary_large_image\" \/>\n<meta name=\"twitter:label1\" content=\"Dur\u00e9e de lecture est.\">\n\t<meta name=\"twitter:data1\" content=\"1 minute\">\n<script type=\"application\/ld+json\" class=\"yoast-schema-graph\">{\"@context\":\"https:\/\/schema.org\",\"@graph\":[{\"@type\":[\"Person\",\"Organization\"],\"@id\":\"https:\/\/juliemielcarek.com\/#\/schema\/person\/cc39c8261e0e59b9767e88d58a4d69a7\",\"name\":\"admin1131\",\"image\":{\"@type\":\"ImageObject\",\"@id\":\"https:\/\/juliemielcarek.com\/#personlogo\",\"inLanguage\":\"fr-FR\",\"url\":\"https:\/\/juliemielcarek.com\/wp-content\/uploads\/2020\/02\/Sans-titre-1.png\",\"width\":378,\"height\":251,\"caption\":\"admin1131\"},\"logo\":{\"@id\":\"https:\/\/juliemielcarek.com\/#personlogo\"}},{\"@type\":\"WebSite\",\"@id\":\"https:\/\/juliemielcarek.com\/#website\",\"url\":\"https:\/\/juliemielcarek.com\/\",\"name\":\"Julie - VO\",\"description\":\"\",\"publisher\":{\"@id\":\"https:\/\/juliemielcarek.com\/#\/schema\/person\/cc39c8261e0e59b9767e88d58a4d69a7\"},\"potentialAction\":[{\"@type\":\"SearchAction\",\"target\":\"https:\/\/juliemielcarek.com\/?s={search_term_string}\",\"query-input\":\"required name=search_term_string\"}],\"inLanguage\":\"fr-FR\"},{\"@type\":\"WebPage\",\"@id\":\"https:\/\/juliemielcarek.com\/index.php\/julie-mielcarek-2\/demos-voix-off-femme-francais-video\/#webpage\",\"url\":\"https:\/\/juliemielcarek.com\/index.php\/julie-mielcarek-2\/demos-voix-off-femme-francais-video\/\",\"name\":\"D\\u00e9mos vid\\u00e9o voix-off - Julie - VO voix-off femme fran\\u00e7ais\",\"isPartOf\":{\"@id\":\"https:\/\/juliemielcarek.com\/#website\"},\"datePublished\":\"2020-01-06T17:22:17+00:00\",\"dateModified\":\"2025-01-08T17:47:19+00:00\",\"description\":\"Retrouvez-ici mes d\\u00e9mos de voix-off par cat\\u00e9gories : publicit\\u00e9, institutionnel, animation, narration... Voix de femme jeune et positive en fran\\u00e7ais..\",\"inLanguage\":\"fr-FR\",\"potentialAction\":[{\"@type\":\"ReadAction\",\"target\":[\"https:\/\/juliemielcarek.com\/index.php\/julie-mielcarek-2\/demos-voix-off-femme-francais-video\/\"]}]}]}<\/script>\n<!-- \/ Yoast SEO plugin. -->","_links":{"self":[{"href":"https:\/\/juliemielcarek.com\/index.php\/wp-json\/wp\/v2\/pages\/23","targetHints":{"allow":["GET"]}}],"collection":[{"href":"https:\/\/juliemielcarek.com\/index.php\/wp-json\/wp\/v2\/pages"}],"about":[{"href":"https:\/\/juliemielcarek.com\/index.php\/wp-json\/wp\/v2\/types\/page"}],"author":[{"embeddable":true,"href":"https:\/\/juliemielcarek.com\/index.php\/wp-json\/wp\/v2\/users\/1"}],"replies":[{"embeddable":true,"href":"https:\/\/juliemielcarek.com\/index.php\/wp-json\/wp\/v2\/comments?post=23"}],"version-history":[{"count":12,"href":"https:\/\/juliemielcarek.com\/index.php\/wp-json\/wp\/v2\/pages\/23\/revisions"}],"predecessor-version":[{"id":240,"href":"https:\/\/juliemielcarek.com\/index.php\/wp-json\/wp\/v2\/pages\/23\/revisions\/240"}],"up":[{"embeddable":true,"href":"https:\/\/juliemielcarek.com\/index.php\/wp-json\/wp\/v2\/pages\/2"}],"wp:attachment":[{"href":"https:\/\/juliemielcarek.com\/index.php\/wp-json\/wp\/v2\/media?parent=23"}],"curies":[{"name":"wp","href":"https:\/\/api.w.org\/{rel}","templated":true}]}}