{"id":21,"date":"2020-01-06T18:21:21","date_gmt":"2020-01-06T17:21:21","guid":{"rendered":"http:\/\/juliemielcarek.com\/?page_id=21"},"modified":"2020-02-11T16:36:15","modified_gmt":"2020-02-11T15:36:15","slug":"demos-voix-off-femme-francais-audio","status":"publish","type":"page","link":"https:\/\/juliemielcarek.com\/index.php\/julie-mielcarek-2\/demos-voix-off-femme-francais-audio\/","title":{"rendered":"D\u00e9mos Audio voix-off"},"content":{"rendered":"\n<p>Retrouvez ici mes d\u00e9mos audio&#8230; <br><br>Qu&rsquo;ils s&rsquo;agissent d&rsquo;enregistrements r\u00e9alis\u00e9s pour un client ou de simples d\u00e9mos voix-off, toutes ces pistes ont \u00e9t\u00e9 enregistr\u00e9es et \u00e9dit\u00e9es par mes soins, depuis mon home-studio. <\/p>\n\n\n\n<h2 class=\"wp-block-heading\"><strong>Publicit\u00e9s voix de femme FR<\/strong> <\/h2>\n\n\n\n\n\n<iframe loading=\"lazy\" width=\"100%\" height=\"166\" scrolling=\"no\" frameborder=\"no\" allow=\"autoplay\" src=\"https:\/\/w.soundcloud.com\/player\/?url=https%3A\/\/api.soundcloud.com\/tracks\/758234446&amp;color=%23e5138f&amp;auto_play=false&amp;hide_related=false&amp;show_comments=true&amp;show_user=true&amp;show_reposts=false&amp;show_teaser=true\"><\/iframe>\n\n\n\n<p><\/p>\n\n\n\n<iframe loading=\"lazy\" width=\"100%\" height=\"166\" scrolling=\"no\" frameborder=\"no\" allow=\"autoplay\" src=\"https:\/\/w.soundcloud.com\/player\/?url=https%3A\/\/api.soundcloud.com\/tracks\/614164008&amp;color=%23e5138f&amp;auto_play=false&amp;hide_related=false&amp;show_comments=true&amp;show_user=true&amp;show_reposts=false&amp;show_teaser=true\"><\/iframe>\n\n\n\n<h2 class=\"wp-block-heading\"><strong>Services t\u00e9l\u00e9phoniques<\/strong> (IVR\/SVI)   <\/h2>\n\n\n\n<iframe loading=\"lazy\" width=\"100%\" height=\"166\" scrolling=\"no\" frameborder=\"no\" allow=\"autoplay\" src=\"https:\/\/w.soundcloud.com\/player\/?url=https%3A\/\/api.soundcloud.com\/tracks\/536177403&amp;color=%23e5138f&amp;auto_play=false&amp;hide_related=false&amp;show_comments=true&amp;show_user=true&amp;show_reposts=false&amp;show_teaser=true\"><\/iframe>\n\n\n\n<h2 class=\"wp-block-heading\"><strong>Voix corporates<\/strong><\/h2>\n\n\n\n<iframe loading=\"lazy\" width=\"100%\" height=\"166\" scrolling=\"no\" frameborder=\"no\" allow=\"autoplay\" src=\"https:\/\/w.soundcloud.com\/player\/?url=https%3A\/\/api.soundcloud.com\/tracks\/537789879&amp;color=%23e5138f&amp;auto_play=false&amp;hide_related=false&amp;show_comments=true&amp;show_user=true&amp;show_reposts=false&amp;show_teaser=true\"><\/iframe>\n\n\n\n<h2 class=\"wp-block-heading\"><strong>Exemple de e-learning<\/strong> <strong>en FR<\/strong><\/h2>\n\n\n\n<iframe loading=\"lazy\" width=\"100%\" height=\"166\" scrolling=\"no\" frameborder=\"no\" allow=\"autoplay\" src=\"https:\/\/w.soundcloud.com\/player\/?url=https%3A\/\/api.soundcloud.com\/tracks\/495548937&amp;color=%23e5138f&amp;auto_play=false&amp;hide_related=false&amp;show_comments=true&amp;show_user=true&amp;show_reposts=false&amp;show_teaser=true\"><\/iframe>\n\n\n\n<h2 class=\"wp-block-heading\"><strong>Narration<\/strong>s<\/h2>\n\n\n\n<p>Bande d\u00e9mo de narration pour adultes<\/p>\n\n\n\n<iframe loading=\"lazy\" width=\"100%\" height=\"166\" scrolling=\"no\" frameborder=\"no\" allow=\"autoplay\" src=\"https:\/\/w.soundcloud.com\/player\/?url=https%3A\/\/api.soundcloud.com\/tracks\/740682352&amp;color=%23e5138f&amp;auto_play=false&amp;hide_related=false&amp;show_comments=true&amp;show_user=true&amp;show_reposts=false&amp;show_teaser=true\"><\/iframe>\n\n\n\n<p>E-book \u00e0 destination des enfants<br><\/p>\n\n\n\n\n\n<h2 class=\"wp-block-heading\"><strong>Voix-off sp\u00e9ciales<\/strong><\/h2>\n\n\n\n<iframe loading=\"lazy\" width=\"100%\" height=\"166\" scrolling=\"no\" frameborder=\"no\" allow=\"autoplay\" src=\"https:\/\/w.soundcloud.com\/player\/?url=https%3A\/\/api.soundcloud.com\/tracks\/495558774&amp;color=%23e5138f&amp;auto_play=false&amp;hide_related=false&amp;show_comments=true&amp;show_user=true&amp;show_reposts=false&amp;show_teaser=true\"><\/iframe>\n\n\n\n<iframe loading=\"lazy\" width=\"100%\" height=\"166\" scrolling=\"no\" frameborder=\"no\" allow=\"autoplay\" src=\"https:\/\/w.soundcloud.com\/player\/?url=https%3A\/\/api.soundcloud.com\/tracks\/523828929&amp;color=%23e5138f&amp;auto_play=false&amp;hide_related=false&amp;show_comments=true&amp;show_user=true&amp;show_reposts=false&amp;show_teaser=true\"><\/iframe>\n\n\n\n<h2 class=\"wp-block-heading\"><strong>Vous ne trouvez pas ce que vous cherchez ? <\/strong><\/h2>\n\n\n\n<p>Vous cherchez des extraits en anglais ? C&rsquo;est par <strong><a href=\"http:\/\/juliemielcarek.com\/index.php\/julie-vo\/demos-en-anglais\/\">ici<\/a><\/strong> !<br><br>Vous pouvez \u00e9galement consulter l&rsquo;int\u00e9gralit\u00e9 de mon portfolio, directement sur <strong><a rel=\"noreferrer noopener\" aria-label=\" (s\u2019ouvre dans un nouvel onglet)\" href=\"https:\/\/soundcloud.com\/julie-voice_over\" target=\"_blank\">Soundcloud<\/a><\/strong>, ou m&rsquo;envoyer un message via la <strong><a href=\"http:\/\/juliemielcarek.com\/index.php\/julie-vo\/contact\/\">page de contact<\/a><\/strong>. \ud83d\ude42<\/p>\n","protected":false},"excerpt":{"rendered":"<p>Retrouvez ici mes d\u00e9mos audio&#8230; Qu&rsquo;ils s&rsquo;agissent d&rsquo;enregistrements r\u00e9alis\u00e9s pour un client ou de simples d\u00e9mos voix-off, toutes ces pistes ont \u00e9t\u00e9 enregistr\u00e9es et \u00e9dit\u00e9es par mes soins, depuis mon home-studio. Publicit\u00e9s voix de femme FR Services t\u00e9l\u00e9phoniques (IVR\/SVI) Voix corporates Exemple de e-learning en FR Narrations Bande d\u00e9mo de narration pour adultes E-book \u00e0&hellip; <a class=\"more-link\" href=\"https:\/\/juliemielcarek.com\/index.php\/julie-mielcarek-2\/demos-voix-off-femme-francais-audio\/\">Poursuivre la lecture <span class=\"screen-reader-text\">D\u00e9mos Audio voix-off<\/span><\/a><\/p>\n","protected":false},"author":1,"featured_media":0,"parent":2,"menu_order":0,"comment_status":"closed","ping_status":"closed","template":"","meta":{"footnotes":""},"class_list":["post-21","page","type-page","status-publish","hentry","entry"],"yoast_head":"<!-- This site is optimized with the Yoast SEO plugin v15.7 - https:\/\/yoast.com\/wordpress\/plugins\/seo\/ -->\n<title>D\u00e9mos Audio voix-off - Julie - VO voix-off femme fran\u00e7aise<\/title>\n<meta name=\"description\" content=\"Retrouvez-ici mes d\u00e9mos de voix-off par cat\u00e9gories : publicit\u00e9, narration, e-learning, institutionnel... Voix de femme jeune et positive en fran\u00e7ais..\" \/>\n<meta name=\"robots\" content=\"index, follow, max-snippet:-1, max-image-preview:large, max-video-preview:-1\" \/>\n<link rel=\"canonical\" href=\"https:\/\/juliemielcarek.com\/index.php\/julie-mielcarek-2\/demos-voix-off-femme-francais-audio\/\" \/>\n<meta property=\"og:locale\" content=\"fr_FR\" \/>\n<meta property=\"og:type\" content=\"article\" \/>\n<meta property=\"og:title\" content=\"D\u00e9mos Audio voix-off - Julie - VO voix-off femme fran\u00e7aise\" \/>\n<meta property=\"og:description\" content=\"Retrouvez-ici mes d\u00e9mos de voix-off par cat\u00e9gories : publicit\u00e9, narration, e-learning, institutionnel... Voix de femme jeune et positive en fran\u00e7ais..\" \/>\n<meta property=\"og:url\" content=\"https:\/\/juliemielcarek.com\/index.php\/julie-mielcarek-2\/demos-voix-off-femme-francais-audio\/\" \/>\n<meta property=\"og:site_name\" content=\"Julie - VO\" \/>\n<meta property=\"article:modified_time\" content=\"2020-02-11T15:36:15+00:00\" \/>\n<meta name=\"twitter:card\" content=\"summary_large_image\" \/>\n<meta name=\"twitter:label1\" content=\"Dur\u00e9e de lecture est.\">\n\t<meta name=\"twitter:data1\" content=\"1 minute\">\n<script type=\"application\/ld+json\" class=\"yoast-schema-graph\">{\"@context\":\"https:\/\/schema.org\",\"@graph\":[{\"@type\":[\"Person\",\"Organization\"],\"@id\":\"https:\/\/juliemielcarek.com\/#\/schema\/person\/cc39c8261e0e59b9767e88d58a4d69a7\",\"name\":\"admin1131\",\"image\":{\"@type\":\"ImageObject\",\"@id\":\"https:\/\/juliemielcarek.com\/#personlogo\",\"inLanguage\":\"fr-FR\",\"url\":\"https:\/\/juliemielcarek.com\/wp-content\/uploads\/2020\/02\/Sans-titre-1.png\",\"width\":378,\"height\":251,\"caption\":\"admin1131\"},\"logo\":{\"@id\":\"https:\/\/juliemielcarek.com\/#personlogo\"}},{\"@type\":\"WebSite\",\"@id\":\"https:\/\/juliemielcarek.com\/#website\",\"url\":\"https:\/\/juliemielcarek.com\/\",\"name\":\"Julie - VO\",\"description\":\"\",\"publisher\":{\"@id\":\"https:\/\/juliemielcarek.com\/#\/schema\/person\/cc39c8261e0e59b9767e88d58a4d69a7\"},\"potentialAction\":[{\"@type\":\"SearchAction\",\"target\":\"https:\/\/juliemielcarek.com\/?s={search_term_string}\",\"query-input\":\"required name=search_term_string\"}],\"inLanguage\":\"fr-FR\"},{\"@type\":\"WebPage\",\"@id\":\"https:\/\/juliemielcarek.com\/index.php\/julie-mielcarek-2\/demos-voix-off-femme-francais-audio\/#webpage\",\"url\":\"https:\/\/juliemielcarek.com\/index.php\/julie-mielcarek-2\/demos-voix-off-femme-francais-audio\/\",\"name\":\"D\\u00e9mos Audio voix-off - Julie - VO voix-off femme fran\\u00e7aise\",\"isPartOf\":{\"@id\":\"https:\/\/juliemielcarek.com\/#website\"},\"datePublished\":\"2020-01-06T17:21:21+00:00\",\"dateModified\":\"2020-02-11T15:36:15+00:00\",\"description\":\"Retrouvez-ici mes d\\u00e9mos de voix-off par cat\\u00e9gories : publicit\\u00e9, narration, e-learning, institutionnel... Voix de femme jeune et positive en fran\\u00e7ais..\",\"inLanguage\":\"fr-FR\",\"potentialAction\":[{\"@type\":\"ReadAction\",\"target\":[\"https:\/\/juliemielcarek.com\/index.php\/julie-mielcarek-2\/demos-voix-off-femme-francais-audio\/\"]}]}]}<\/script>\n<!-- \/ Yoast SEO plugin. -->","_links":{"self":[{"href":"https:\/\/juliemielcarek.com\/index.php\/wp-json\/wp\/v2\/pages\/21","targetHints":{"allow":["GET"]}}],"collection":[{"href":"https:\/\/juliemielcarek.com\/index.php\/wp-json\/wp\/v2\/pages"}],"about":[{"href":"https:\/\/juliemielcarek.com\/index.php\/wp-json\/wp\/v2\/types\/page"}],"author":[{"embeddable":true,"href":"https:\/\/juliemielcarek.com\/index.php\/wp-json\/wp\/v2\/users\/1"}],"replies":[{"embeddable":true,"href":"https:\/\/juliemielcarek.com\/index.php\/wp-json\/wp\/v2\/comments?post=21"}],"version-history":[{"count":19,"href":"https:\/\/juliemielcarek.com\/index.php\/wp-json\/wp\/v2\/pages\/21\/revisions"}],"predecessor-version":[{"id":166,"href":"https:\/\/juliemielcarek.com\/index.php\/wp-json\/wp\/v2\/pages\/21\/revisions\/166"}],"up":[{"embeddable":true,"href":"https:\/\/juliemielcarek.com\/index.php\/wp-json\/wp\/v2\/pages\/2"}],"wp:attachment":[{"href":"https:\/\/juliemielcarek.com\/index.php\/wp-json\/wp\/v2\/media?parent=21"}],"curies":[{"name":"wp","href":"https:\/\/api.w.org\/{rel}","templated":true}]}}